{"id":93,"date":"2017-07-22T20:41:38","date_gmt":"2017-07-22T20:41:38","guid":{"rendered":"http:\/\/holedenlukas.ch\/wp\/?page_id=93"},"modified":"2018-11-19T09:21:58","modified_gmt":"2018-11-19T09:21:58","slug":"moderator-sprecher-speaker","status":"publish","type":"page","link":"https:\/\/holedenlukas.ch\/wp\/?page_id=93","title":{"rendered":"Moderator, Sprecher, Speaker"},"content":{"rendered":"<p>Seine Stimme eignet sich f\u00fcr <a href=\"https:\/\/holedenlukas.ch\/wp\/wp-content\/uploads\/2018\/11\/Effie-Briest-kurz.m4a\">Lesungen<\/a> und f\u00fcr als Sprecher bei <a href=\"https:\/\/holedenlukas.ch\/wp\/wp-content\/uploads\/2018\/11\/Securitas-1.m4a\">Filmbeitr\u00e4gen<\/a>. Die Sprache und die Stimme wurden geschult in Kursen.<\/p>\n<p>Das Sprechen ist m\u00f6glich in der <a href=\"https:\/\/holedenlukas.ch\/wp\/wp-content\/uploads\/2018\/11\/Sprachprobe-Hochdeutsch.m4a\">Schriftsprache<\/a>, in einem Deutsch mit <a href=\"https:\/\/holedenlukas.ch\/wp\/wp-content\/uploads\/2018\/11\/Sprachprobe-osteurop\u00e4isch.m4a\">ausl\u00e4ndischem Akzent<\/a> und in der <a href=\"https:\/\/holedenlukas.ch\/wp\/wp-content\/uploads\/2018\/11\/Sprachprobe-Hochdeutsch.m4a\">Schweizer Mundart<\/a>.<\/p>\n<p>Mit seiner launigen Art auf der B\u00fchne und vor Leuten bietet Lukas Baumann sich an als Moderator bei allerlei Anl\u00e4ssen.<\/p>\n<p>Mit seinem Sportwissen bietet sich Lukas Baumann auch als Platzspeaker f\u00fcr alle Arten von Sportveranstaltungen an.<\/p>\n<p>&nbsp;<\/p>\n","protected":false},"excerpt":{"rendered":"<p>Seine Stimme eignet sich f\u00fcr Lesungen und f\u00fcr als Sprecher bei Filmbeitr\u00e4gen. Die Sprache und die Stimme wurden geschult in Kursen. Das Sprechen ist m\u00f6glich<\/p>\n","protected":false},"author":1,"featured_media":0,"parent":0,"menu_order":0,"comment_status":"closed","ping_status":"closed","template":"","meta":[],"_links":{"self":[{"href":"https:\/\/holedenlukas.ch\/wp\/index.php?rest_route=\/wp\/v2\/pages\/93"}],"collection":[{"href":"https:\/\/holedenlukas.ch\/wp\/index.php?rest_route=\/wp\/v2\/pages"}],"about":[{"href":"https:\/\/holedenlukas.ch\/wp\/index.php?rest_route=\/wp\/v2\/types\/page"}],"author":[{"embeddable":true,"href":"https:\/\/holedenlukas.ch\/wp\/index.php?rest_route=\/wp\/v2\/users\/1"}],"replies":[{"embeddable":true,"href":"https:\/\/holedenlukas.ch\/wp\/index.php?rest_route=%2Fwp%2Fv2%2Fcomments&post=93"}],"version-history":[{"count":11,"href":"https:\/\/holedenlukas.ch\/wp\/index.php?rest_route=\/wp\/v2\/pages\/93\/revisions"}],"predecessor-version":[{"id":442,"href":"https:\/\/holedenlukas.ch\/wp\/index.php?rest_route=\/wp\/v2\/pages\/93\/revisions\/442"}],"wp:attachment":[{"href":"https:\/\/holedenlukas.ch\/wp\/index.php?rest_route=%2Fwp%2Fv2%2Fmedia&parent=93"}],"curies":[{"name":"wp","href":"https:\/\/api.w.org\/{rel}","templated":true}]}}