{"id":137,"date":"2017-07-22T21:03:59","date_gmt":"2017-07-22T21:03:59","guid":{"rendered":"http:\/\/holedenlukas.ch\/wp\/?page_id=137"},"modified":"2017-09-05T08:46:14","modified_gmt":"2017-09-05T08:46:14","slug":"pilgerreisen","status":"publish","type":"page","link":"https:\/\/holedenlukas.ch\/wp\/?page_id=137","title":{"rendered":"Pilgerreisen"},"content":{"rendered":"<figure id=\"attachment_170\" aria-describedby=\"caption-attachment-170\" style=\"width: 300px\" class=\"wp-caption alignnone\"><img loading=\"lazy\" class=\"size-medium wp-image-170\" src=\"https:\/\/holedenlukas.ch\/wp\/wp-content\/uploads\/2017\/07\/damaskus-300x200.jpg\" alt=\"\" width=\"300\" height=\"200\" srcset=\"https:\/\/holedenlukas.ch\/wp\/wp-content\/uploads\/2017\/07\/damaskus-300x200.jpg 300w, https:\/\/holedenlukas.ch\/wp\/wp-content\/uploads\/2017\/07\/damaskus-768x512.jpg 768w, https:\/\/holedenlukas.ch\/wp\/wp-content\/uploads\/2017\/07\/damaskus-1024x683.jpg 1024w\" sizes=\"(max-width: 300px) 100vw, 300px\" \/><figcaption id=\"caption-attachment-170\" class=\"wp-caption-text\">Jerusalem Damaskustor<\/figcaption><\/figure>\n<p>Pilgerreisen sind Reisen zu Orten, welche Glauben, Literatur oder Ereignisse erlebbar machen.<\/p>\n<p>Im Angebot sind<\/p>\n<ul>\n<li>Pilgerfahrten nach Israel in einer kleinen Gruppe. Bereist werden ausgew\u00e4hlte Orte von Jerusalem aus mit den \u00f6ffentlichen Bussen und gemieteten Autos. Begegnungen mit Gemeinden und Privatpersonen werden erm\u00f6glicht. W\u00e4hrend der Reise wird die Bibel studiert. Ein Bericht zu einer Pilgerreise findet sich <a href=\"https:\/\/holedenlukas.ch\/wp\/wp-content\/uploads\/2017\/09\/Pilgerreise-Israel-Bericht-2017.pdf\" target=\"_blank\" rel=\"noopener\"><u>hier<\/u>.<\/a><\/li>\n<li>Begegnung mit der Heiligkeit der Kathedrale und den ganz gew\u00f6hnlichen Typen aus den Werken des Solothurner Dichters Ernst Burren. Der Reiseplan einer solchen Reise ist hier.<\/li>\n<\/ul>\n<p>Riedland. Wanderung durch die Landschaft der Lindtebene entnlag des Romans \u00abRiedland\u00bb von Kurt Guggenheim mit Lesungen unterwegs. In dieser Gegend wurde nach \u00d6l gebohrt. Ein Traum f\u00fcr Technikfreaks platzte, als sich zeigte, dass die Ausbeutung sich nicht lohnt. <u>Hier <\/u>sind Texte und Bilder zur Fahrt ins Riedland.<\/p>\n","protected":false},"excerpt":{"rendered":"<p>Pilgerreisen sind Reisen zu Orten, welche Glauben, Literatur oder Ereignisse erlebbar machen. Im Angebot sind Pilgerfahrten nach Israel in einer kleinen Gruppe. Bereist werden ausgew\u00e4hlte<\/p>\n","protected":false},"author":1,"featured_media":0,"parent":0,"menu_order":0,"comment_status":"closed","ping_status":"closed","template":"","meta":[],"_links":{"self":[{"href":"https:\/\/holedenlukas.ch\/wp\/index.php?rest_route=\/wp\/v2\/pages\/137"}],"collection":[{"href":"https:\/\/holedenlukas.ch\/wp\/index.php?rest_route=\/wp\/v2\/pages"}],"about":[{"href":"https:\/\/holedenlukas.ch\/wp\/index.php?rest_route=\/wp\/v2\/types\/page"}],"author":[{"embeddable":true,"href":"https:\/\/holedenlukas.ch\/wp\/index.php?rest_route=\/wp\/v2\/users\/1"}],"replies":[{"embeddable":true,"href":"https:\/\/holedenlukas.ch\/wp\/index.php?rest_route=%2Fwp%2Fv2%2Fcomments&post=137"}],"version-history":[{"count":8,"href":"https:\/\/holedenlukas.ch\/wp\/index.php?rest_route=\/wp\/v2\/pages\/137\/revisions"}],"predecessor-version":[{"id":308,"href":"https:\/\/holedenlukas.ch\/wp\/index.php?rest_route=\/wp\/v2\/pages\/137\/revisions\/308"}],"wp:attachment":[{"href":"https:\/\/holedenlukas.ch\/wp\/index.php?rest_route=%2Fwp%2Fv2%2Fmedia&parent=137"}],"curies":[{"name":"wp","href":"https:\/\/api.w.org\/{rel}","templated":true}]}}