{"id":13,"date":"2017-07-22T19:19:32","date_gmt":"2017-07-22T19:19:32","guid":{"rendered":"http:\/\/holedenlukas.ch\/wp\/?page_id=13"},"modified":"2019-09-08T19:19:46","modified_gmt":"2019-09-08T19:19:46","slug":"termine","status":"publish","type":"page","link":"https:\/\/holedenlukas.ch\/wp\/?page_id=13","title":{"rendered":"Aktionen"},"content":{"rendered":"<p><a href=\"https:\/\/holedenlukas.ch\/wp\/wp-content\/uploads\/2017\/10\/Stundenbuch.pdf\">Stundenbuch<\/a> aus der Performance im Kunstwerk &#8222;exclusivesociety2.0&#8220; von Peter Baracci in Z\u00fcrich<\/p>\n<p>Dazu gibt es eine \u00dcbersicht der <a href=\"http:\/\/instarix.com\/exclusivesociety2.0\/media\/1634891752972138121\">Bilder zu dieser Performance<\/a>.<\/p>\n<p><img loading=\"lazy\" class=\"alignnone size-medium wp-image-367\" src=\"https:\/\/holedenlukas.ch\/wp\/wp-content\/uploads\/2017\/10\/Essen-300x300.jpg\" alt=\"\" width=\"300\" height=\"300\" srcset=\"https:\/\/holedenlukas.ch\/wp\/wp-content\/uploads\/2017\/10\/Essen-300x300.jpg 300w, https:\/\/holedenlukas.ch\/wp\/wp-content\/uploads\/2017\/10\/Essen-150x150.jpg 150w, https:\/\/holedenlukas.ch\/wp\/wp-content\/uploads\/2017\/10\/Essen.jpg 720w\" sizes=\"(max-width: 300px) 100vw, 300px\" \/><\/p>\n<p><a href=\"https:\/\/holedenlukas.ch\/wp\/wp-content\/uploads\/2017\/10\/Bussritual.pdf\">Geisselung <\/a>als f\u00fcr den Tod von zwei Schweinen als Inszenierung in Sissach am 30. Oktober 2017.<\/p>\n<p><img loading=\"lazy\" class=\"alignnone size-medium wp-image-372\" src=\"https:\/\/holedenlukas.ch\/wp\/wp-content\/uploads\/2017\/10\/Geisselung-225x300.jpg\" alt=\"\" width=\"225\" height=\"300\" srcset=\"https:\/\/holedenlukas.ch\/wp\/wp-content\/uploads\/2017\/10\/Geisselung-225x300.jpg 225w, https:\/\/holedenlukas.ch\/wp\/wp-content\/uploads\/2017\/10\/Geisselung.jpg 576w\" sizes=\"(max-width: 225px) 100vw, 225px\" \/><\/p>\n<p>Einsatz als Model mit der Kollektion von <a href=\"http:\/\/www.jacquelineloekito.com\/\">Jacqueline Leokito<\/a> in Basel und Langenthal<\/p>\n<p><img loading=\"lazy\" class=\"alignnone size-medium wp-image-427\" src=\"https:\/\/holedenlukas.ch\/wp\/wp-content\/uploads\/2018\/10\/JL-3-225x300.jpg\" alt=\"\" width=\"225\" height=\"300\" srcset=\"https:\/\/holedenlukas.ch\/wp\/wp-content\/uploads\/2018\/10\/JL-3-225x300.jpg 225w, https:\/\/holedenlukas.ch\/wp\/wp-content\/uploads\/2018\/10\/JL-3-768x1024.jpg 768w\" sizes=\"(max-width: 225px) 100vw, 225px\" \/><\/p>\n<p><a href=\"https:\/\/youtu.be\/WWpU7fgd3pM\">Donnerwetter<\/a> &#8211; Eine Groteske um ein Spanferkel in Waldenburg<\/p>\n<p>&nbsp;<\/p>\n","protected":false},"excerpt":{"rendered":"<p>Stundenbuch aus der Performance im Kunstwerk &#8222;exclusivesociety2.0&#8220; von Peter Baracci in Z\u00fcrich Dazu gibt es eine \u00dcbersicht der Bilder zu dieser Performance. Geisselung als f\u00fcr<\/p>\n","protected":false},"author":1,"featured_media":0,"parent":0,"menu_order":0,"comment_status":"closed","ping_status":"closed","template":"","meta":[],"_links":{"self":[{"href":"https:\/\/holedenlukas.ch\/wp\/index.php?rest_route=\/wp\/v2\/pages\/13"}],"collection":[{"href":"https:\/\/holedenlukas.ch\/wp\/index.php?rest_route=\/wp\/v2\/pages"}],"about":[{"href":"https:\/\/holedenlukas.ch\/wp\/index.php?rest_route=\/wp\/v2\/types\/page"}],"author":[{"embeddable":true,"href":"https:\/\/holedenlukas.ch\/wp\/index.php?rest_route=\/wp\/v2\/users\/1"}],"replies":[{"embeddable":true,"href":"https:\/\/holedenlukas.ch\/wp\/index.php?rest_route=%2Fwp%2Fv2%2Fcomments&post=13"}],"version-history":[{"count":13,"href":"https:\/\/holedenlukas.ch\/wp\/index.php?rest_route=\/wp\/v2\/pages\/13\/revisions"}],"predecessor-version":[{"id":478,"href":"https:\/\/holedenlukas.ch\/wp\/index.php?rest_route=\/wp\/v2\/pages\/13\/revisions\/478"}],"wp:attachment":[{"href":"https:\/\/holedenlukas.ch\/wp\/index.php?rest_route=%2Fwp%2Fv2%2Fmedia&parent=13"}],"curies":[{"name":"wp","href":"https:\/\/api.w.org\/{rel}","templated":true}]}}