{"id":114,"date":"2017-07-22T20:53:32","date_gmt":"2017-07-22T20:53:32","guid":{"rendered":"http:\/\/holedenlukas.ch\/wp\/?page_id=114"},"modified":"2017-08-16T20:13:53","modified_gmt":"2017-08-16T20:13:53","slug":"jubilaeen","status":"publish","type":"page","link":"https:\/\/holedenlukas.ch\/wp\/?page_id=114","title":{"rendered":"Jubil\u00e4en"},"content":{"rendered":"<p><img loading=\"lazy\" class=\"alignnone size-medium wp-image-180\" src=\"https:\/\/holedenlukas.ch\/wp\/wp-content\/uploads\/2017\/07\/Abendstimmung-300x225.jpg\" alt=\"\" width=\"300\" height=\"225\" srcset=\"https:\/\/holedenlukas.ch\/wp\/wp-content\/uploads\/2017\/07\/Abendstimmung-300x225.jpg 300w, https:\/\/holedenlukas.ch\/wp\/wp-content\/uploads\/2017\/07\/Abendstimmung-768x576.jpg 768w, https:\/\/holedenlukas.ch\/wp\/wp-content\/uploads\/2017\/07\/Abendstimmung-1024x768.jpg 1024w\" sizes=\"(max-width: 300px) 100vw, 300px\" \/><\/p>\n<p>Es gibt auch w\u00e4hrend des Lebens Momente, die mit anderen zusammen gefeiert werden. Auch f\u00fcr die Gestaltung solcher Feiern kann der Ritualbegleiter beigezogen werden. Diese Zusammenstellung listet einige Gr\u00fcnde f\u00fcr eine solche Feier auf.<\/p>\n<ul>\n<li>\u00abRunde\u00bb Geburtstage mit einer Feier des Lebens<\/li>\n<li>Ehe- und Partnerschaftsjubil\u00e4en mit einer Erneuerung des B\u00fcndnisses<\/li>\n<li>Arbeitsjubil\u00e4um<\/li>\n<li>Wechsel einer Arbeitsstelle<\/li>\n<li>Abschluss eines Ausbildung<\/li>\n<li>Pensionierung<\/li>\n<li>WG-Gr\u00fcndung oder -aufhebung<\/li>\n<li>Auszug eine jungen Menschen von zu Hause<\/li>\n<\/ul>\n","protected":false},"excerpt":{"rendered":"<p>Es gibt auch w\u00e4hrend des Lebens Momente, die mit anderen zusammen gefeiert werden. Auch f\u00fcr die Gestaltung solcher Feiern kann der Ritualbegleiter beigezogen werden. Diese<\/p>\n","protected":false},"author":1,"featured_media":0,"parent":0,"menu_order":0,"comment_status":"closed","ping_status":"closed","template":"","meta":[],"_links":{"self":[{"href":"https:\/\/holedenlukas.ch\/wp\/index.php?rest_route=\/wp\/v2\/pages\/114"}],"collection":[{"href":"https:\/\/holedenlukas.ch\/wp\/index.php?rest_route=\/wp\/v2\/pages"}],"about":[{"href":"https:\/\/holedenlukas.ch\/wp\/index.php?rest_route=\/wp\/v2\/types\/page"}],"author":[{"embeddable":true,"href":"https:\/\/holedenlukas.ch\/wp\/index.php?rest_route=\/wp\/v2\/users\/1"}],"replies":[{"embeddable":true,"href":"https:\/\/holedenlukas.ch\/wp\/index.php?rest_route=%2Fwp%2Fv2%2Fcomments&post=114"}],"version-history":[{"count":2,"href":"https:\/\/holedenlukas.ch\/wp\/index.php?rest_route=\/wp\/v2\/pages\/114\/revisions"}],"predecessor-version":[{"id":181,"href":"https:\/\/holedenlukas.ch\/wp\/index.php?rest_route=\/wp\/v2\/pages\/114\/revisions\/181"}],"wp:attachment":[{"href":"https:\/\/holedenlukas.ch\/wp\/index.php?rest_route=%2Fwp%2Fv2%2Fmedia&parent=114"}],"curies":[{"name":"wp","href":"https:\/\/api.w.org\/{rel}","templated":true}]}}